{"id":14,"date":"2026-01-28T12:18:16","date_gmt":"2026-01-28T12:18:16","guid":{"rendered":"https:\/\/test.vikarbasen.dk\/?page_id=14"},"modified":"2026-03-03T18:06:26","modified_gmt":"2026-03-03T18:06:26","slug":"for-vikarer","status":"publish","type":"page","link":"https:\/\/vikarbasen.dk\/index.php\/for-vikarer\/","title":{"rendered":"For vikarer"},"content":{"rendered":"\n<div class=\"wp-block-columns is-layout-flex wp-container-core-columns-is-layout-9d6595d7 wp-block-columns-is-layout-flex\">\n<div class=\"wp-block-column is-layout-flow wp-block-column-is-layout-flow\" style=\"flex-basis:66.66%\">\n<h2 class=\"wp-block-heading has-large-font-size\">Vikar hos VikarBasen<\/h2>\n\n\n\n<p class=\"has-medium-font-size\">VikarBasen har en stor gruppe kunder, der hver dag har brug for at gode, fleksible og engagerede medarbejdere m\u00f8der p\u00e5 arbejde og hj\u00e6lper til at give&nbsp;<em>vores<\/em>&nbsp;kunder en god oplevelse. Vi s\u00f8ger b\u00e5de fagl\u00e6rt og ufagl\u00e6rt personale til kantiner og k\u00f8kkener i Stork\u00f8benhavn.<\/p>\n\n\n\n<p class=\"has-medium-font-size\"><strong>Vi s\u00f8ger alt fra:<\/strong><\/p>\n\n\n\n<ul class=\"wp-block-list\">\n<li class=\"has-medium-font-size\">Uddannede kokke og sm\u00f8rrebr\u00f8dsjomfruer<\/li>\n\n\n\n<li class=\"has-medium-font-size\">\u00a0K\u00f8kken- og ern\u00e6ringsassistenter<\/li>\n\n\n\n<li class=\"has-medium-font-size\">Catere<\/li>\n\n\n\n<li class=\"has-medium-font-size\">Rutinerede opvaskere<\/li>\n\n\n\n<li class=\"has-medium-font-size\">Ufagl\u00e6rt k\u00f8kkenpersonale med hygiejnebevis og mindst 1 \u00e5rs erfaring fra\u00a0k\u00f8kkenbranchen.<\/li>\n<\/ul>\n\n\n\n<p class=\"has-medium-font-size\"><strong>Vil du v\u00e6re vikar ?<\/strong><\/p>\n\n\n\n<p class=\"has-medium-font-size\">Har du lyst til at besk\u00e6ftige dig i k\u00f8kken- og kantinebranchen \u2013 og har du lyst til et b\u00e5de fleksibelt og alsidigt arbejde \u2013 er VikarBasen den ideale arbejdsgiver. Vi g\u00f8r alt for at skabe de bedste rammer for vores vikarer, og n\u00e5r vi rekrutterer er vi altid i en t\u00e6t dialog med b\u00e5de vikar og kunde, s\u00e5 alle er sikre p\u00e5 et godt match. N\u00e5r du arbejder for os, er du ogs\u00e5 sikker p\u00e5, at du har gode arbejdsforhold. Derfor tilbyder vi en god l\u00f8n, gode arbejdsforhold og forskellige vikarfordele \u2013 og vi l\u00e6gger stor v\u00e6gt p\u00e5, at du, som medarbejder hos os, f\u00f8ler dig godt behandlet. 60% af vores vikarer har v\u00e6ret hos os i mere end 4 \u00e5r.<\/p>\n\n\n\n<h4 class=\"wp-block-heading\">Leder du efter et afvekslende og fleksibelt arbejde?<br>Og kan du finde rundt i et k\u00f8kken? <br>S\u00e5 klik nedenfor, find dit favorit job og kontakt os<\/h4>\n\n\n\n<div class=\"wp-block-buttons is-content-justification-center is-layout-flex wp-container-core-buttons-is-layout-16018d1d wp-block-buttons-is-layout-flex\">\n<div class=\"wp-block-button is-style-fill\"><a class=\"wp-block-button__link has-white-color has-text-color has-background has-link-color has-medium-font-size has-text-align-center has-custom-font-size wp-element-button\" href=\"https:\/\/test.vikarbasen.dk\/?page_id=134\" style=\"border-top-left-radius:0px;border-top-right-radius:0px;border-bottom-left-radius:0px;border-bottom-right-radius:0px;background-color:#d90f44\">Klik her og find dit nye vikarjob<\/a><\/div>\n<\/div>\n<\/div>\n\n\n\n<div class=\"wp-block-column is-layout-flow wp-block-column-is-layout-flow\" style=\"flex-basis:33.33%\">\n<div style=\"height:125px\" aria-hidden=\"true\" class=\"wp-block-spacer\"><\/div>\n\n\n\n<figure class=\"wp-block-image size-full\"><img loading=\"lazy\" decoding=\"async\" width=\"480\" height=\"710\" src=\"https:\/\/test.vikarbasen.dk\/wp-content\/uploads\/2026\/03\/foodverpic7.jpg\" alt=\"\" class=\"wp-image-127\" srcset=\"https:\/\/vikarbasen.dk\/wp-content\/uploads\/2026\/03\/foodverpic7.jpg 480w, https:\/\/vikarbasen.dk\/wp-content\/uploads\/2026\/03\/foodverpic7-203x300.jpg 203w\" sizes=\"auto, (max-width: 480px) 100vw, 480px\" \/><\/figure>\n\n\n\n<div style=\"height:25px\" aria-hidden=\"true\" class=\"wp-block-spacer\"><\/div>\n\n\n\n<div class=\"wp-block-buttons is-content-justification-center is-layout-flex wp-container-core-buttons-is-layout-16018d1d wp-block-buttons-is-layout-flex\">\n<div class=\"wp-block-button\"><a class=\"wp-block-button__link has-white-color has-text-color has-background has-link-color has-medium-font-size has-text-align-center has-custom-font-size wp-element-button\" href=\"https:\/\/vikarbasen.temponizer.dk\/\" style=\"border-top-left-radius:0px;border-top-right-radius:0px;border-bottom-left-radius:0px;border-bottom-right-radius:0px;background-color:#d90f44\">Indsend timer<\/a><\/div>\n<\/div>\n\n\n\n<div style=\"height:25px\" aria-hidden=\"true\" class=\"wp-block-spacer\"><\/div>\n\n\n\n<p class=\"has-text-align-center has-pale-cyan-blue-background-color has-background has-medium-font-size\">Du kan finde vejledning til hvordan du indsender dine timer <a href=\"http:\/\/vikarbasen.dk\/wp-content\/uploads\/brugervejledning-til-vikarer.pdf\" target=\"_blank\" rel=\"noreferrer noopener\">her<\/a><\/p>\n<\/div>\n<\/div>\n","protected":false},"excerpt":{"rendered":"<p>Vikar hos VikarBasen VikarBasen har en stor gruppe kunder, der hver dag har brug for at gode, fleksible og engagerede medarbejdere m\u00f8der p\u00e5 arbejde og hj\u00e6lper til at give&nbsp;vores&nbsp;kunder en god oplevelse. Vi s\u00f8ger b\u00e5de fagl\u00e6rt og ufagl\u00e6rt personale til kantiner og k\u00f8kkener i Stork\u00f8benhavn. Vi s\u00f8ger alt fra: Vil du v\u00e6re vikar ? Har [&hellip;]<\/p>\n","protected":false},"author":1,"featured_media":0,"parent":0,"menu_order":0,"comment_status":"closed","ping_status":"closed","template":"","meta":{"footnotes":""},"class_list":["post-14","page","type-page","status-publish","hentry","post"],"_links":{"self":[{"href":"https:\/\/vikarbasen.dk\/index.php\/wp-json\/wp\/v2\/pages\/14","targetHints":{"allow":["GET"]}}],"collection":[{"href":"https:\/\/vikarbasen.dk\/index.php\/wp-json\/wp\/v2\/pages"}],"about":[{"href":"https:\/\/vikarbasen.dk\/index.php\/wp-json\/wp\/v2\/types\/page"}],"author":[{"embeddable":true,"href":"https:\/\/vikarbasen.dk\/index.php\/wp-json\/wp\/v2\/users\/1"}],"replies":[{"embeddable":true,"href":"https:\/\/vikarbasen.dk\/index.php\/wp-json\/wp\/v2\/comments?post=14"}],"version-history":[{"count":15,"href":"https:\/\/vikarbasen.dk\/index.php\/wp-json\/wp\/v2\/pages\/14\/revisions"}],"predecessor-version":[{"id":150,"href":"https:\/\/vikarbasen.dk\/index.php\/wp-json\/wp\/v2\/pages\/14\/revisions\/150"}],"wp:attachment":[{"href":"https:\/\/vikarbasen.dk\/index.php\/wp-json\/wp\/v2\/media?parent=14"}],"curies":[{"name":"wp","href":"https:\/\/api.w.org\/{rel}","templated":true}]}}