{"id":16,"date":"2026-01-28T12:18:59","date_gmt":"2026-01-28T12:18:59","guid":{"rendered":"https:\/\/test.vikarbasen.dk\/?page_id=16"},"modified":"2026-03-03T18:42:12","modified_gmt":"2026-03-03T18:42:12","slug":"for-virksomheder","status":"publish","type":"page","link":"https:\/\/vikarbasen.dk\/index.php\/for-virksomheder\/","title":{"rendered":"For virksomheder"},"content":{"rendered":"\n<div class=\"wp-block-columns is-layout-flex wp-container-core-columns-is-layout-9d6595d7 wp-block-columns-is-layout-flex\">\n<div class=\"wp-block-column is-layout-flow wp-block-column-is-layout-flow\" style=\"flex-basis:66.66%\">\n<p class=\"has-large-font-size\">HAR DU BRUG FOR EN VIKAR?<\/p>\n<\/div>\n\n\n\n<div class=\"wp-block-column is-layout-flow wp-block-column-is-layout-flow\" style=\"flex-basis:33.33%\">\n<div style=\"height:25px\" aria-hidden=\"true\" class=\"wp-block-spacer\"><\/div>\n\n\n\n<div class=\"wp-block-buttons is-layout-flex wp-block-buttons-is-layout-flex\">\n<div class=\"wp-block-button\"><a class=\"wp-block-button__link has-white-color has-text-color has-background has-link-color has-medium-font-size has-custom-font-size wp-element-button\" style=\"border-top-left-radius:0px;border-top-right-radius:0px;border-bottom-left-radius:0px;border-bottom-right-radius:0px;background-color:#d90f44\">Kontakt os<\/a><\/div>\n<\/div>\n<\/div>\n<\/div>\n\n\n\n<div class=\"wp-block-columns is-layout-flex wp-container-core-columns-is-layout-9d6595d7 wp-block-columns-is-layout-flex\">\n<div class=\"wp-block-column is-layout-flow wp-block-column-is-layout-flow\">\n<p class=\"has-medium-font-size\"><strong>Mangler du en vikar?<\/strong><\/p>\n\n\n\n<p class=\"has-medium-font-size\">Hos VikarBasen tilbyder vi b\u00e5de akutte, l\u00e6ngerevarende og planlagte vikariater til virksomheder, der har brug for en fleksibel og stabil bemanding.<\/p>\n\n\n\n<p class=\"has-medium-font-size\">Alle vores vikarer har erfaring indenfor k\u00f8kken- og kantinebranchen. Alle vikarer har v\u00e6ret igennem en personlig samtale\/test, hvor vi har sikret os, at vedkommende besidder de rette kvalifikationer og erfaringer, s\u00e5ledes \u00a0at I kan komme hurtigt fra start og i gang med arbejdet.<\/p>\n\n\n\n<p class=\"has-medium-font-size\">Vi g\u00f8r meget ud af, at vi hele tiden er i t\u00e6t dialog med b\u00e5de vores kunder og vikarer, s\u00e5 vi kan l\u00f8se eventuelle udfordringer og sikre os det bedste samarbejde.\u00a0<\/p>\n\n\n\n<p class=\"has-medium-font-size\"><strong>Hvorfor v\u00e6lge VikarBasen?&nbsp;<\/strong><\/p>\n\n\n\n<p class=\"has-medium-font-size\">Hos VikarBasen har vi mange \u00e5rs erfaring med rekruttering af vikarer \u2013 og vi har specialiseret os inden for bemanding til k\u00f8kkener og kantiner. Vi s\u00f8rger for, at du f\u00e5r den bedste l\u00f8sning \u2013 uanset hvilket behov du st\u00e5r med. Vi finder vores vikarer gennem vores egen emnebank eller via annoncering. Efterf\u00f8lgende holder vi dybdeg\u00e5ende samtaler med vores kandidater, og indhenter referencer fra tidligere arbejdsgivere. Derfor kan du altid v\u00e6re sikker p\u00e5 at f\u00e5 gode, fleksible og egnede vikarer hos VikarBasen. I gennemsnit har vores vikarer over 4 \u00e5rs anciennitet.<\/p>\n\n\n\n<p class=\"has-medium-font-size\"><strong>Try &amp; Hire<\/strong><\/p>\n\n\n\n<p class=\"has-medium-font-size\">Fejlans\u00e6ttelser er b\u00e5de \u00f8konomisk og f\u00f8lelsesm\u00e6ssigt belastende for begge parter. Med Try &amp; Hire kan I pr\u00f8ve en medarbejder af som vikar, f\u00f8r I bestemmer jer for en fastans\u00e6ttelse. Try &amp; Hire er en god l\u00f8sning, som giver b\u00e5de kandidat og virksomhed en mulighed for at l\u00e6re hinanden at kende f\u00f8r en aftale.<\/p>\n\n\n\n<p class=\"has-medium-font-size\">Den bedste, mest \u00f8konomiske og mest sikre m\u00e5de at ans\u00e6tte en ny medarbejder p\u00e5 er fastans\u00e6ttelse af en vikar under princippet \u201dTry &amp; Hire\u201d.&nbsp;Det betyder i praksis, at kandidaten i de tre f\u00f8rste m\u00e5neder af ans\u00e6ttelsen arbejder som vikar. P\u00e5 denne m\u00e5de f\u00e5r b\u00e5de virksomhed og kandidat god lejlighed til at l\u00e6re hinanden at kende.<\/p>\n\n\n\n<p class=\"has-medium-font-size\"><strong>Rekruttering<\/strong><\/p>\n\n\n\n<p class=\"has-medium-font-size\">Hos VikarBasen hj\u00e6lper vi dig gerne med en ny medarbejder til fastans\u00e6ttelse.&nbsp;Vi m\u00f8der gerne op p\u00e5 jeres virksomhed for at danne os et overblik over stedet, kollegerne og arbejdets indhold og omfang, s\u00e5 vi har de bedste foruds\u00e6tninger for at skabe et godt match.<\/p>\n\n\n\n<p class=\"has-medium-font-size\"><strong>Garanti<\/strong><\/p>\n\n\n\n<p class=\"has-medium-font-size\">Hos VikarBasen yder vi 3 m\u00e5neders garanti for udv\u00e6lgelsen. Hvis ans\u00e6ttelsen oph\u00f8rer inden for denne periode, vil vi uden beregning finde nye kandidater til den ledige stilling. Denne garanti er dog ikke g\u00e6ldende hvis forholdet og indholdet i stillingen \u00e6ndres, arbejdsstedet flytter fysisk, eller hvis der forekommer andre v\u00e6sentlige \u00e6ndringer som medarbejderen eller VikarBasen ikke har indflydelse p\u00e5.<\/p>\n\n\n\n<div class=\"wp-block-columns is-layout-flex wp-container-core-columns-is-layout-9d6595d7 wp-block-columns-is-layout-flex\">\n<div class=\"wp-block-column is-layout-flow wp-block-column-is-layout-flow\">\n<p class=\"has-large-font-size\">KONTAKT OS<\/p>\n<\/div>\n\n\n\n<div class=\"wp-block-column is-layout-flow wp-block-column-is-layout-flow\">\n<div style=\"height:25px\" aria-hidden=\"true\" class=\"wp-block-spacer\"><\/div>\n\n\n\n<div class=\"wp-block-buttons is-layout-flex wp-block-buttons-is-layout-flex\">\n<div class=\"wp-block-button\"><a class=\"wp-block-button__link has-white-color has-text-color has-background has-link-color has-medium-font-size has-custom-font-size wp-element-button\" style=\"border-top-left-radius:0px;border-top-right-radius:0px;border-bottom-left-radius:0px;border-bottom-right-radius:0px;background-color:#d90f44\">BOOK EN VIKAR<\/a><\/div>\n<\/div>\n<\/div>\n<\/div>\n<\/div>\n\n\n\n<div class=\"wp-block-column is-layout-flow wp-block-column-is-layout-flow\">\n<figure class=\"wp-block-image size-full\"><img loading=\"lazy\" decoding=\"async\" width=\"720\" height=\"417\" src=\"https:\/\/test.vikarbasen.dk\/wp-content\/uploads\/2026\/03\/events-pic2-1.jpg\" alt=\"\" class=\"wp-image-156\" srcset=\"https:\/\/vikarbasen.dk\/wp-content\/uploads\/2026\/03\/events-pic2-1.jpg 720w, https:\/\/vikarbasen.dk\/wp-content\/uploads\/2026\/03\/events-pic2-1-300x174.jpg 300w\" sizes=\"auto, (max-width: 720px) 100vw, 720px\" \/><\/figure>\n\n\n\n<figure class=\"wp-block-image size-full\"><img loading=\"lazy\" decoding=\"async\" width=\"700\" height=\"200\" src=\"https:\/\/test.vikarbasen.dk\/wp-content\/uploads\/2026\/03\/blg-img15-700x200-1.jpg\" alt=\"\" class=\"wp-image-155\" srcset=\"https:\/\/vikarbasen.dk\/wp-content\/uploads\/2026\/03\/blg-img15-700x200-1.jpg 700w, https:\/\/vikarbasen.dk\/wp-content\/uploads\/2026\/03\/blg-img15-700x200-1-300x86.jpg 300w\" sizes=\"auto, (max-width: 700px) 100vw, 700px\" \/><\/figure>\n\n\n\n<figure class=\"wp-block-image size-full\"><img loading=\"lazy\" decoding=\"async\" width=\"1024\" height=\"545\" src=\"https:\/\/test.vikarbasen.dk\/wp-content\/uploads\/2026\/03\/blx02-1-1024x545-1.jpg\" alt=\"\" class=\"wp-image-157\" srcset=\"https:\/\/vikarbasen.dk\/wp-content\/uploads\/2026\/03\/blx02-1-1024x545-1.jpg 1024w, https:\/\/vikarbasen.dk\/wp-content\/uploads\/2026\/03\/blx02-1-1024x545-1-300x160.jpg 300w, https:\/\/vikarbasen.dk\/wp-content\/uploads\/2026\/03\/blx02-1-1024x545-1-768x409.jpg 768w\" sizes=\"auto, (max-width: 1024px) 100vw, 1024px\" \/><\/figure>\n\n\n\n<figure class=\"wp-block-image size-full\"><img loading=\"lazy\" decoding=\"async\" width=\"968\" height=\"623\" src=\"https:\/\/test.vikarbasen.dk\/wp-content\/uploads\/2026\/03\/jdv-pic1.jpg\" alt=\"\" class=\"wp-image-158\" srcset=\"https:\/\/vikarbasen.dk\/wp-content\/uploads\/2026\/03\/jdv-pic1.jpg 968w, https:\/\/vikarbasen.dk\/wp-content\/uploads\/2026\/03\/jdv-pic1-300x193.jpg 300w, https:\/\/vikarbasen.dk\/wp-content\/uploads\/2026\/03\/jdv-pic1-768x494.jpg 768w\" sizes=\"auto, (max-width: 968px) 100vw, 968px\" \/><\/figure>\n\n\n\n<figure class=\"wp-block-image size-large\"><img loading=\"lazy\" decoding=\"async\" width=\"1024\" height=\"496\" src=\"https:\/\/test.vikarbasen.dk\/wp-content\/uploads\/2026\/03\/blgs-pic04-1024x496.jpg\" alt=\"\" class=\"wp-image-159\" srcset=\"https:\/\/vikarbasen.dk\/wp-content\/uploads\/2026\/03\/blgs-pic04-1024x496.jpg 1024w, https:\/\/vikarbasen.dk\/wp-content\/uploads\/2026\/03\/blgs-pic04-300x145.jpg 300w, https:\/\/vikarbasen.dk\/wp-content\/uploads\/2026\/03\/blgs-pic04-768x372.jpg 768w, https:\/\/vikarbasen.dk\/wp-content\/uploads\/2026\/03\/blgs-pic04.jpg 1200w\" sizes=\"auto, (max-width: 1024px) 100vw, 1024px\" \/><\/figure>\n\n\n\n<figure class=\"wp-block-image size-full\"><img loading=\"lazy\" decoding=\"async\" width=\"1024\" height=\"576\" src=\"https:\/\/test.vikarbasen.dk\/wp-content\/uploads\/2026\/03\/slider1-p2-1024x576-1.jpg\" alt=\"\" class=\"wp-image-160\" srcset=\"https:\/\/vikarbasen.dk\/wp-content\/uploads\/2026\/03\/slider1-p2-1024x576-1.jpg 1024w, https:\/\/vikarbasen.dk\/wp-content\/uploads\/2026\/03\/slider1-p2-1024x576-1-300x169.jpg 300w, https:\/\/vikarbasen.dk\/wp-content\/uploads\/2026\/03\/slider1-p2-1024x576-1-768x432.jpg 768w\" sizes=\"auto, (max-width: 1024px) 100vw, 1024px\" \/><\/figure>\n<\/div>\n<\/div>\n\n\n\n<p><\/p>\n","protected":false},"excerpt":{"rendered":"<p>HAR DU BRUG FOR EN VIKAR? Mangler du en vikar? Hos VikarBasen tilbyder vi b\u00e5de akutte, l\u00e6ngerevarende og planlagte vikariater til virksomheder, der har brug for en fleksibel og stabil bemanding. Alle vores vikarer har erfaring indenfor k\u00f8kken- og kantinebranchen. Alle vikarer har v\u00e6ret igennem en personlig samtale\/test, hvor vi har sikret os, at vedkommende [&hellip;]<\/p>\n","protected":false},"author":1,"featured_media":0,"parent":0,"menu_order":0,"comment_status":"closed","ping_status":"closed","template":"","meta":{"footnotes":""},"class_list":["post-16","page","type-page","status-publish","hentry","post"],"_links":{"self":[{"href":"https:\/\/vikarbasen.dk\/index.php\/wp-json\/wp\/v2\/pages\/16","targetHints":{"allow":["GET"]}}],"collection":[{"href":"https:\/\/vikarbasen.dk\/index.php\/wp-json\/wp\/v2\/pages"}],"about":[{"href":"https:\/\/vikarbasen.dk\/index.php\/wp-json\/wp\/v2\/types\/page"}],"author":[{"embeddable":true,"href":"https:\/\/vikarbasen.dk\/index.php\/wp-json\/wp\/v2\/users\/1"}],"replies":[{"embeddable":true,"href":"https:\/\/vikarbasen.dk\/index.php\/wp-json\/wp\/v2\/comments?post=16"}],"version-history":[{"count":4,"href":"https:\/\/vikarbasen.dk\/index.php\/wp-json\/wp\/v2\/pages\/16\/revisions"}],"predecessor-version":[{"id":163,"href":"https:\/\/vikarbasen.dk\/index.php\/wp-json\/wp\/v2\/pages\/16\/revisions\/163"}],"wp:attachment":[{"href":"https:\/\/vikarbasen.dk\/index.php\/wp-json\/wp\/v2\/media?parent=16"}],"curies":[{"name":"wp","href":"https:\/\/api.w.org\/{rel}","templated":true}]}}