{"id":22,"date":"2026-01-28T12:22:47","date_gmt":"2026-01-28T12:22:47","guid":{"rendered":"https:\/\/test.vikarbasen.dk\/?page_id=22"},"modified":"2026-03-03T19:42:54","modified_gmt":"2026-03-03T19:42:54","slug":"om-vikarbasen","status":"publish","type":"page","link":"https:\/\/vikarbasen.dk\/index.php\/om-vikarbasen\/","title":{"rendered":"Om VikarBasen"},"content":{"rendered":"\n<h2 class=\"wp-block-heading has-large-font-size\">Om VikarBasen<\/h2>\n\n\n\n<div class=\"wp-block-columns is-layout-flex wp-container-core-columns-is-layout-9d6595d7 wp-block-columns-is-layout-flex\">\n<div class=\"wp-block-column is-layout-flow wp-block-column-is-layout-flow\">\n<p class=\"has-medium-font-size\">VikarBasen er en rekrutterings- og vikarvirksomhed med speciale inden for kantine og stork\u00f8kken. Gennem mere end et \u00e5rti har vi haft et klart fokus p\u00e5 netop denne niche i restaurationsbranchen, og vi kender de s\u00e6rlige forhold s\u00e5 godt, at vores succesrate ved rekruttering er helt oppe p\u00e5 98 %. Vi tror p\u00e5, at de vigtigste investeringer for en virksomhed er i medarbejdere: De levende ambassad\u00f8rer, der hver dag skal kunne tr\u00e6ffe hurtige beslutninger og l\u00f8se en lang r\u00e6kke opgaver, der sikrer, at ressourcerne bliver brugt optimalt og at virksomhedens kunder har en god oplevelse.Vi hj\u00e6lper virksomheder over hele Sj\u00e6lland fra vores kontorer i Hellerup, lige uden for K\u00f8benhavn.<\/p>\n\n\n\n<p class=\"has-medium-font-size\">Selskabet er stiftet af Ghita \u00d8vlesen, som ogs\u00e5 fungerer som virksomhedens direkt\u00f8r.<\/p>\n\n\n\n<p class=\"has-text-align-center has-medium-font-size\"><strong>Vikarbasen<br>Frydenlundsvej 30<br>2950&nbsp; Vedb\u00e6k<\/strong><br><strong>Telefon: 44530055<\/strong><br><strong>Mail:&nbsp;<a href=\"mailto:vikar@vikarbasen.dk\">vikar@vikarbasen.dk<\/a><\/strong><\/p>\n\n\n\n<p class=\"has-text-align-center has-medium-font-size\"><strong>\u00c5bningstider:<\/strong><br><strong>mandag-fredag: 06.00 -15.00<br>Telefonsvareren er altid til imellem 15.00 og 20.00<br>og bliver altid aflyttet udenfor \u00e5bningstid alle ugens 7 dage.<\/strong><\/p>\n\n\n\n<p class=\"has-text-align-center has-medium-font-size\"><strong>Bank:<\/strong><br><strong>Danske Bank<\/strong><br><strong>Holmens Kanal 2-12<\/strong><br><strong>DK-1092 K\u00f8benhavn K<\/strong><\/p>\n\n\n\n<p class=\"has-text-align-center has-medium-font-size\"><strong>Revision:&nbsp;Lokalrevisorerne, Herlev<\/strong><\/p>\n\n\n\n<p class=\"has-text-align-center has-medium-font-size\"><strong>CVR.:&nbsp;41615818<\/strong><\/p>\n\n\n\n<h4 class=\"wp-block-heading\"><\/h4>\n<\/div>\n\n\n\n<div class=\"wp-block-column is-layout-flow wp-block-column-is-layout-flow\">\n<div style=\"height:25px\" aria-hidden=\"true\" class=\"wp-block-spacer\"><\/div>\n\n\n\n<figure class=\"wp-block-image size-large\"><a href=\"https:\/\/www.google.com\/maps\/place\/Frydenlundsvej+30,+2950+Vedb%C3%A6k\/@55.777736,12.5119234,12z\/data=!4m6!3m5!1s0x465249563b20e709:0x57281a8d5d2e8ea8!8m2!3d55.8374397!4d12.5632476!16s%2Fg%2F11c20rcj26?entry=ttu&amp;g_ep=EgoyMDI2MDIyNS4wIKXMDSoASAFQAw%3D%3D\"><img loading=\"lazy\" decoding=\"async\" width=\"705\" height=\"1024\" src=\"https:\/\/test.vikarbasen.dk\/wp-content\/uploads\/2026\/03\/maps-705x1024.jpg\" alt=\"\" class=\"wp-image-176\" srcset=\"https:\/\/vikarbasen.dk\/wp-content\/uploads\/2026\/03\/maps-705x1024.jpg 705w, https:\/\/vikarbasen.dk\/wp-content\/uploads\/2026\/03\/maps-207x300.jpg 207w, https:\/\/vikarbasen.dk\/wp-content\/uploads\/2026\/03\/maps-768x1115.jpg 768w, https:\/\/vikarbasen.dk\/wp-content\/uploads\/2026\/03\/maps.jpg 848w\" sizes=\"auto, (max-width: 705px) 100vw, 705px\" \/><\/a><\/figure>\n<\/div>\n<\/div>\n","protected":false},"excerpt":{"rendered":"<p>Om VikarBasen VikarBasen er en rekrutterings- og vikarvirksomhed med speciale inden for kantine og stork\u00f8kken. Gennem mere end et \u00e5rti har vi haft et klart fokus p\u00e5 netop denne niche i restaurationsbranchen, og vi kender de s\u00e6rlige forhold s\u00e5 godt, at vores succesrate ved rekruttering er helt oppe p\u00e5 98 %. Vi tror p\u00e5, at [&hellip;]<\/p>\n","protected":false},"author":1,"featured_media":0,"parent":0,"menu_order":0,"comment_status":"closed","ping_status":"closed","template":"","meta":{"footnotes":""},"class_list":["post-22","page","type-page","status-publish","hentry","post"],"_links":{"self":[{"href":"https:\/\/vikarbasen.dk\/index.php\/wp-json\/wp\/v2\/pages\/22","targetHints":{"allow":["GET"]}}],"collection":[{"href":"https:\/\/vikarbasen.dk\/index.php\/wp-json\/wp\/v2\/pages"}],"about":[{"href":"https:\/\/vikarbasen.dk\/index.php\/wp-json\/wp\/v2\/types\/page"}],"author":[{"embeddable":true,"href":"https:\/\/vikarbasen.dk\/index.php\/wp-json\/wp\/v2\/users\/1"}],"replies":[{"embeddable":true,"href":"https:\/\/vikarbasen.dk\/index.php\/wp-json\/wp\/v2\/comments?post=22"}],"version-history":[{"count":7,"href":"https:\/\/vikarbasen.dk\/index.php\/wp-json\/wp\/v2\/pages\/22\/revisions"}],"predecessor-version":[{"id":185,"href":"https:\/\/vikarbasen.dk\/index.php\/wp-json\/wp\/v2\/pages\/22\/revisions\/185"}],"wp:attachment":[{"href":"https:\/\/vikarbasen.dk\/index.php\/wp-json\/wp\/v2\/media?parent=22"}],"curies":[{"name":"wp","href":"https:\/\/api.w.org\/{rel}","templated":true}]}}