{"id":51,"date":"2026-03-05T10:39:38","date_gmt":"2026-03-05T10:39:38","guid":{"rendered":"https:\/\/test.vikarbasen.dk\/?page_id=51"},"modified":"2026-03-05T11:05:31","modified_gmt":"2026-03-05T11:05:31","slug":"test-2","status":"publish","type":"page","link":"https:\/\/vikarbasen.dk\/","title":{"rendered":"Forside"},"content":{"rendered":"\n<p class=\"has-text-align-center has-large-font-size\">Velkommen Til VikarBasen<\/p>\n\n\n<div class=\"wp-block-image\">\n<figure class=\"aligncenter size-full\"><img loading=\"lazy\" decoding=\"async\" width=\"230\" height=\"59\" src=\"https:\/\/vikarbasen.dk\/wp-content\/uploads\/2026\/02\/divider.png\" alt=\"\" class=\"wp-image-66\"\/><\/figure>\n<\/div>\n\n\n<div style=\"height:25px\" aria-hidden=\"true\" class=\"wp-block-spacer\"><\/div>\n\n\n\n<p class=\"has-text-align-center has-medium-font-size\"><strong>Hos VikarBasen har vi mange \u00e5rs erfaring med rekruttering af vikarer \u2013 og vi har specialiseret os inden for bemanding til k\u00f8kkener og kantiner. Vi s\u00f8rger for at du f\u00e5r den bedste l\u00f8sning \u2013 uanset hvilket behov du st\u00e5r med.<\/strong><\/p>\n\n\n\n<div style=\"height:25px\" aria-hidden=\"true\" class=\"wp-block-spacer\"><\/div>\n\n\n<div id=\"pl-gb51-69df88efa616e\"  class=\"panel-layout\" ><div id=\"pg-gb51-69df88efa616e-0\"  class=\"panel-grid panel-no-style\" ><div id=\"pgc-gb51-69df88efa616e-0-0\"  class=\"panel-grid-cell\" ><div class=\"panel-cell-style panel-cell-style-for-gb51-69df88efa616e-0-0\" ><div id=\"panel-gb51-69df88efa616e-0-0-0\" class=\"so-panel widget widget_text panel-first-child\" data-index=\"0\" ><div class=\"so-rounded panel-widget-style panel-widget-style-for-gb51-69df88efa616e-0-0-0\" >\t\t\t<div class=\"textwidget\"><div style=\"font-size: 30px;\">Mangler du en stabil og kvalificeret vikar?<\/div>\n<div style=\"font-size: 18px;\">Hos VikarBasen f\u00e5r du hurtigt adgang til erfarne og testede vikarer til k\u00f8kken og kantine \u2013 klar til at tr\u00e6de til, n\u00e5r du har brug for det. Uanset om behovet er akut, planlagt eller en del af en langsigtet l\u00f8sning, sikrer vi fleksibel bemanding med fokus p\u00e5 kvalitet, tryghed og det rette match mellem din arbejdsplads og vikar. <\/div>\n<\/div>\n\t\t<\/div><\/div><div id=\"panel-gb51-69df88efa616e-0-0-1\" class=\"so-panel widget widget_sow-button panel-last-child\" data-index=\"1\" ><div class=\"panel-widget-style panel-widget-style-for-gb51-69df88efa616e-0-0-1\" ><div\n\t\t\t\n\t\t\tclass=\"so-widget-sow-button so-widget-sow-button-flat-6101bc7f8918-51\"\n\t\t\t\n\t\t><div class=\"ow-button-base ow-button-align-center\"\n>\n\t\t\t<a\n\t\t\t\tclass=\"sowb-button ow-icon-placement-left ow-button-hover\" \t>\n\t\t<span>\n\t\t\t\n\t\t\tL\u00c6S MERE HER\t\t<\/span>\n\t\t\t<\/a>\n\t<\/div>\n<\/div><\/div><\/div><\/div><\/div><div id=\"pgc-gb51-69df88efa616e-0-1\"  class=\"panel-grid-cell\" ><div class=\"panel-cell-style panel-cell-style-for-gb51-69df88efa616e-0-1\" ><div id=\"panel-gb51-69df88efa616e-0-1-0\" class=\"so-panel widget widget_text panel-first-child\" data-index=\"2\" ><div class=\"so-rounded panel-widget-style panel-widget-style-for-gb51-69df88efa616e-0-1-0\" >\t\t\t<div class=\"textwidget\"><div style=\"font-size: 30px;\">Vil du have et fleksibelt og alsidigt job i k\u00f8kken eller kantine?<\/div>\n<div style=\"font-size: 18px;\">Hos VikarBasen bliver du en del af et st\u00e6rkt f\u00e6llesskab af dygtige og engagerede vikarer. Vi tilbyder sp\u00e6ndende arbejdspladser i Stork\u00f8benhavn, gode vilk\u00e5r og en hverdag med variation \u2013 uanset om du er fagl\u00e6rt eller erfaren ufagl\u00e6rt. Hos os er du ikke bare en vikar \u2013 du er en del af holdet.<\/div>\n<\/div>\n\t\t<\/div><\/div><div id=\"panel-gb51-69df88efa616e-0-1-1\" class=\"so-panel widget widget_sow-button panel-last-child\" data-index=\"3\" ><div class=\"panel-widget-style panel-widget-style-for-gb51-69df88efa616e-0-1-1\" ><div\n\t\t\t\n\t\t\tclass=\"so-widget-sow-button so-widget-sow-button-flat-6101bc7f8918-51\"\n\t\t\t\n\t\t><div class=\"ow-button-base ow-button-align-center\"\n>\n\t\t\t<a\n\t\t\t\tclass=\"sowb-button ow-icon-placement-left ow-button-hover\" \t>\n\t\t<span>\n\t\t\t\n\t\t\tL\u00c6S MERE HER\t\t<\/span>\n\t\t\t<\/a>\n\t<\/div>\n<\/div><\/div><\/div><\/div><\/div><\/div><\/div>","protected":false},"excerpt":{"rendered":"<p>Velkommen Til VikarBasen Hos VikarBasen har vi mange \u00e5rs erfaring med rekruttering af vikarer \u2013 og vi har specialiseret os inden for bemanding til k\u00f8kkener og kantiner. Vi s\u00f8rger for at du f\u00e5r den bedste l\u00f8sning \u2013 uanset hvilket behov du st\u00e5r med.<\/p>\n","protected":false},"author":1,"featured_media":0,"parent":0,"menu_order":0,"comment_status":"closed","ping_status":"closed","template":"","meta":{"footnotes":""},"class_list":["post-51","page","type-page","status-publish","hentry","post"],"_links":{"self":[{"href":"https:\/\/vikarbasen.dk\/index.php\/wp-json\/wp\/v2\/pages\/51","targetHints":{"allow":["GET"]}}],"collection":[{"href":"https:\/\/vikarbasen.dk\/index.php\/wp-json\/wp\/v2\/pages"}],"about":[{"href":"https:\/\/vikarbasen.dk\/index.php\/wp-json\/wp\/v2\/types\/page"}],"author":[{"embeddable":true,"href":"https:\/\/vikarbasen.dk\/index.php\/wp-json\/wp\/v2\/users\/1"}],"replies":[{"embeddable":true,"href":"https:\/\/vikarbasen.dk\/index.php\/wp-json\/wp\/v2\/comments?post=51"}],"version-history":[{"count":69,"href":"https:\/\/vikarbasen.dk\/index.php\/wp-json\/wp\/v2\/pages\/51\/revisions"}],"predecessor-version":[{"id":217,"href":"https:\/\/vikarbasen.dk\/index.php\/wp-json\/wp\/v2\/pages\/51\/revisions\/217"}],"wp:attachment":[{"href":"https:\/\/vikarbasen.dk\/index.php\/wp-json\/wp\/v2\/media?parent=51"}],"curies":[{"name":"wp","href":"https:\/\/api.w.org\/{rel}","templated":true}]}}